{"id":11359,"date":"2023-10-04T15:05:43","date_gmt":"2023-10-04T19:05:43","guid":{"rendered":"https:\/\/bretoncommunications.com\/?page_id=11359"},"modified":"2023-10-04T15:15:17","modified_gmt":"2023-10-04T19:15:17","slug":"politique-en-matiere-de-cookies","status":"publish","type":"page","link":"https:\/\/bretoncommunications.com\/fr\/politique-en-matiere-de-cookies\/","title":{"rendered":"Politique en mati\u00e8re de cookies"},"content":{"rendered":"<p><strong>Date d&rsquo;entr\u00e9e en vigueur\u00a0: 27\u00a0septembre\u00a02023<\/strong><br \/>\n<strong>Derni\u00e8re mise \u00e0 jour\u00a0: 27\u00a0septembre\u00a02023<\/strong><\/p>\n<h5><strong>Que sont les cookies\u00a0?<\/strong><\/h5>\n<div class=\"cookie-policy-p\">\n<p>Cette politique en mati\u00e8re de cookies explique ce que sont les cookies et comment nous les utilisons, les types de cookies que nous utilisons, c&rsquo;est-\u00e0-dire les informations que nous collectons \u00e0 l&rsquo;aide des cookies et comment ces informations sont utilis\u00e9es, et comment g\u00e9rer les param\u00e8tres des cookies.<\/p>\n<p>Les cookies sont de petits fichiers texte utilis\u00e9s pour stocker de petites informations. Ils sont stock\u00e9s sur votre appareil lorsque le site Internet est charg\u00e9 sur votre navigateur. Ces cookies nous aident \u00e0 faire fonctionner le site Web correctement, \u00e0 le rendre plus s\u00e9curis\u00e9, \u00e0 offrir une meilleure exp\u00e9rience utilisateur, \u00e0 comprendre les performances du site Web et \u00e0 analyser ce qui fonctionne et o\u00f9 il doit \u00eatre am\u00e9lior\u00e9.<\/p>\n<\/div>\n<h5><strong>Comment utilisons-nous les cookies\u00a0?<\/strong><\/h5>\n<div class=\"cookie-policy-p\">\n<p>Comme la plupart des services en ligne, notre site Web utilise des cookies propri\u00e9taires et tiers \u00e0 plusieurs fins. Les cookies de premi\u00e8re partie sont pour la plupart n\u00e9cessaires au bon fonctionnement du site Web et ils ne collectent aucune de vos donn\u00e9es personnelles identifiables.<\/p>\n<p>Les cookies tiers utilis\u00e9s sur notre site Web servent principalement \u00e0 comprendre les performances du site Web, la mani\u00e8re dont vous interagissez avec notre site Web, la s\u00e9curit\u00e9 de nos services, la fourniture de publicit\u00e9s pertinentes pour vous, et, dans l&rsquo;ensemble, vous offrant une exp\u00e9rience utilisateur meilleure et am\u00e9lior\u00e9e et vous aidant \u00e0 acc\u00e9l\u00e9rer vos interactions futures avec notre site Web.<\/p>\n<\/div>\n<h5 style=\"margin-bottom: 20px;\"><strong>G\u00e9rer les pr\u00e9f\u00e9rences en mati\u00e8re de cookies<\/strong><\/h5>\n<div>\n<p>Vous pouvez modifier vos pr\u00e9f\u00e9rences en mati\u00e8re de cookies \u00e0 tout moment en <a href=\"https:\/\/bretoncommunications.com\/#gdpr_cookie_modal\">cliquant ici<\/a>. Cela vous permettra de revoir la banni\u00e8re de consentement aux cookies et de modifier vos pr\u00e9f\u00e9rences ou de retirer votre consentement imm\u00e9diatement.<\/p>\n<p>En plus de cela, diff\u00e9rents navigateurs proposent diff\u00e9rentes m\u00e9thodes pour bloquer et supprimer les cookies utilis\u00e9s par les sites Web. Vous pouvez modifier les param\u00e8tres de votre navigateur pour bloquer\/supprimer les cookies. Vous trouverez ci-dessous les liens vers les documents d&rsquo;assistance expliquant comment g\u00e9rer et supprimer les cookies des principaux navigateurs Web.<\/p>\n<p>Chrome\u00a0: <a href=\"https:\/\/support.google.com\/accounts\/answer\/ 32050\" target=\"_blank\" rel=\"noopener\">https:\/\/support.google.com\/accounts\/answer\/32050<\/a><\/p>\n<p>Safari\u00a0: <a href=\"https:\/\/support.apple.com \/fr-in\/guide\/safari\/sfri11471\/mac\" target=\"_blank\" rel=\"noopener\">https:\/\/support.apple.com\/en-in\/guide\/safari\/sfri11471\/mac<\/a><\/p>\n<p>Firefox\u00a0: <a href=\"https:\/\/support.mozilla.org\/en-US\/kb\/clear-cookies-and-site-data-firefox?redirectslug=delete-cookies-remove-info-websites-stored&amp;redirectlocale= fr-US\" target=\"_blank\" rel=\"noopener\">https:\/\/support.mozilla.org\/en-US\/kb\/clear-cookies-and-site-data-firefox?redirectslug=delete-cookies-remove-info-websites- store&amp;redirectlocale=en-US<\/a><\/p>\n<p>Internet Explorer\u00a0: <a href=\"https:\/\/support.microsoft.com\/en-us\/topic\/how-to-delete-cookie-files- in-internet-explorer-bca9446f-d873-78de-77ba-d42645fa52fc\" target=\"_blank\" rel=\"noopener\">https:\/\/support.microsoft.com\/en-us\/topic\/how-to-delete-cookie-files-in- internet-explorer-bca9446f-d873-78de-77ba-d42645fa52fc<\/a><\/p>\n<p>Si vous utilisez un autre navigateur Web, veuillez consulter les documents d&rsquo;assistance officiels de votre navigateur.<\/p>\n<\/div>\n","protected":false},"excerpt":{"rendered":"<p>Date d&rsquo;entr\u00e9e en vigueur\u00a0: 27\u00a0septembre\u00a02023 Derni\u00e8re mise \u00e0 jour\u00a0: 27\u00a0septembre\u00a02023 Que sont les cookies\u00a0? Cette politique en mati\u00e8re de cookies explique ce que sont les cookies et comment nous les utilisons, les types de cookies que nous utilisons, c&rsquo;est-\u00e0-dire les informations que nous collectons \u00e0 l&rsquo;aide des cookies et comment ces informations sont utilis\u00e9es, et comment g\u00e9rer les param\u00e8tres des &#8230; <\/p>\n<div><a href=\"https:\/\/bretoncommunications.com\/fr\/politique-en-matiere-de-cookies\/\" class=\"more-link\">Read More<\/a><\/div>\n","protected":false},"author":9,"featured_media":0,"parent":0,"menu_order":0,"comment_status":"closed","ping_status":"closed","template":"","meta":{"footnotes":""},"class_list":["post-11359","page","type-page","status-publish","hentry","no-post-thumbnail"],"_links":{"self":[{"href":"https:\/\/bretoncommunications.com\/fr\/wp-json\/wp\/v2\/pages\/11359","targetHints":{"allow":["GET"]}}],"collection":[{"href":"https:\/\/bretoncommunications.com\/fr\/wp-json\/wp\/v2\/pages"}],"about":[{"href":"https:\/\/bretoncommunications.com\/fr\/wp-json\/wp\/v2\/types\/page"}],"author":[{"embeddable":true,"href":"https:\/\/bretoncommunications.com\/fr\/wp-json\/wp\/v2\/users\/9"}],"replies":[{"embeddable":true,"href":"https:\/\/bretoncommunications.com\/fr\/wp-json\/wp\/v2\/comments?post=11359"}],"version-history":[{"count":1,"href":"https:\/\/bretoncommunications.com\/fr\/wp-json\/wp\/v2\/pages\/11359\/revisions"}],"predecessor-version":[{"id":11373,"href":"https:\/\/bretoncommunications.com\/fr\/wp-json\/wp\/v2\/pages\/11359\/revisions\/11373"}],"wp:attachment":[{"href":"https:\/\/bretoncommunications.com\/fr\/wp-json\/wp\/v2\/media?parent=11359"}],"curies":[{"name":"wp","href":"https:\/\/api.w.org\/{rel}","templated":true}]}}