{"id":11362,"date":"2023-10-04T15:07:58","date_gmt":"2023-10-04T19:07:58","guid":{"rendered":"https:\/\/bretoncommunications.com\/?page_id=11362"},"modified":"2023-10-04T15:18:32","modified_gmt":"2023-10-04T19:18:32","slug":"politique-de-confidentialite","status":"publish","type":"page","link":"https:\/\/bretoncommunications.com\/fr\/politique-de-confidentialite\/","title":{"rendered":"Politique de confidentialit\u00e9"},"content":{"rendered":"<p><strong>Derni\u00e8re mise \u00e0 jour le 27\u00a0septembre\u00a02023<\/strong><br \/>\n<strong>Date d&rsquo;entr\u00e9e en vigueur\u00a027\u00a0septembre\u00a02023<\/strong><\/p>\n<p class=\"privacy-policy-p\">Cette politique de confidentialit\u00e9 d\u00e9crit les politiques de Breton Communications (4660 mont\u00e9e st-hubert, Qu\u00e9bec, J3Y 1V1, Canada, courriel : <a href=\"mailto:confidentialite@miromedia.ca\">confidentialite@miromedia.ca<\/a>, t\u00e9l\u00e9phone : 450 676-5454) sur la collection, utilisation et divulgation de vos informations que nous collectons lorsque vous utilisez notre site Web ( https:\/\/bretoncommunications.com ) (le \u00ab\u00a0service\u00a0\u00bb). En acc\u00e9dant ou en utilisant le Service, vous consentez \u00e0 la collecte, \u00e0 l&rsquo;utilisation et \u00e0 la divulgation de vos informations conform\u00e9ment \u00e0 la pr\u00e9sente Politique de Confidentialit\u00e9. Si vous n&rsquo;y consentez pas, veuillez ne pas acc\u00e9der ni utiliser le Service.<\/p>\n<p class=\"privacy-policy-p\">Nous pouvons modifier cette politique de confidentialit\u00e9 \u00e0 tout moment sans pr\u00e9avis et publiera la version r\u00e9vis\u00e9e \u00ab\u00a0Politique de confidentialit\u00e9\u00a0\u00bb sur le Service. La\u00a0 Politique r\u00e9vis\u00e9e sera en vigueur 180 jours \u00e0 compter de la date \u00e0 laquelle la politique r\u00e9vis\u00e9e est publi\u00e9e dans le service et votre acc\u00e8s continu ou utilisation du Service apr\u00e8s cette p\u00e9riode constituera votre acceptation de la Politique de confidentialit\u00e9 r\u00e9vis\u00e9e. Nous vous recommandons donc de consulter p\u00e9riodiquement cette page.<\/p>\n<ol class=\"privacy-policy-ol\">\n<li>\n<h5 class=\"privacy-policy-h2\"><strong>Vos droits:<\/strong><\/h5>\n<p class=\"privacy-policy-p\">Selon la loi applicable, vous pourriez avoir un droit d&rsquo;acc\u00e8s, de rectification ou de suppression de vos donn\u00e9es personnelles ou recevoir une copie de vos donn\u00e9es personnelles, restreindre ou s&rsquo;opposer aux traitements de vos donn\u00e9es, nous demander de ne pas partager vos informations personnelles \u00e0 une autre entit\u00e9, retirer tout consentement que vous nous avez fourni pour traiter vos donn\u00e9es, un droit de d\u00e9poser une r\u00e9clamation avec une autorit\u00e9 statutaire et d&rsquo;autres droits comme cela peut \u00eatre pertinent en vertu des lois applicables. Pour exercer ces droits, vous pouvez nous \u00e9crire \u00e0 <a href=\"mailto:confidentialite@miromedia.ca\">confidentialite@miromedia.ca<\/a>.<br \/>\nNous r\u00e9pondrons \u00e0 votre demande conform\u00e9ment \u00e0 la loi applicable.<\/p>\n<p>Notez que si vous ne nous autorisez pas \u00e0 collecter ou traiter les informations personnelles requises ou retirez le consentement au traitement de celui-ci pour les fins requises, vous ne pourrez peut-\u00eatre pas acc\u00e9der ou utilisez les services pour lesquels vos informations ont \u00e9t\u00e9 collect\u00e9es.<\/li>\n<li>\n<h5 class=\"privacy-policy-h2\"><strong>Cookies, etc.<\/strong><\/h5>\n<p>Pour en savoir plus sur la fa\u00e7on dont nous utilisons les cookies et vos choix par rapport \u00e0 ces suivis technologies, veuillez vous r\u00e9f\u00e9rer \u00e0 notre Politique en mati\u00e8re de cookies.<\/li>\n<li>\n<h5 class=\"privacy-policy-h2\"><strong>S\u00e9curit\u00e9:<\/strong><\/h5>\n<p class=\"privacy-policy-p\">La s\u00e9curit\u00e9 de vos informations est importante pour nous et nous utiliserons des mesures de s\u00e9curit\u00e9 raisonnables pour \u00e9viter la perte, l&rsquo;utilisation abusive ou non autoris\u00e9e ou la modification de vos informations dans le cadre de notre contr\u00f4le. Toutefois, compte tenu des risques inh\u00e9rents, nous ne pouvons garantir une s\u00e9curit\u00e9 absolue et par cons\u00e9quent, nous ne pouvons garantir la s\u00e9curit\u00e9 de toute information que vous nous transmettez, vous le faites \u00e0 vos propres risques.<\/p>\n<\/li>\n<li>\n<h5 class=\"privacy-policy-h2\"><strong>Liens vers des tiers et utilisation de vos informations\u00a0:<\/strong><\/h5>\n<p class=\"privacy-policy-p\">Notre Service peut contenir des liens vers d&rsquo;autres sites Web qui ne sont pas exploit\u00e9s par nous. Cette politique de confidentialit\u00e9 ne traite pas de la politique de confidentialit\u00e9 et d&rsquo;autres pratiques de tout tiers, y compris tout tiers exploitant un site Web ou un service qui peut \u00eatre accessible via un lien sur le Service. Nous vous conseillons fortement de consulter le politique de confidentialit\u00e9 de chaque site que vous visitez. Nous avons aucun contr\u00f4le et n&rsquo;assume aucune responsabilit\u00e9 \u00e0 l&rsquo;\u00e9gard du contenu, les politiques de confidentialit\u00e9 ou les pratiques de tout site ou service tiers.<\/p>\n<\/li>\n<li>\n<h5 class=\"privacy-policy-h2\"><strong>Grief \/ D\u00e9l\u00e9gu\u00e9 \u00e0 la protection des donn\u00e9es\u00a0:<\/strong><\/h5>\n<p class=\"privacy-policy-p\">Si vous avez des questions ou des pr\u00e9occupations concernant le traitement de vos informations disponibles avec nous, vous pouvez envoyer un courriel \u00e0 notre responsable des griefs \u00e0 :<br \/>\nMirom\u00e9dia<br \/>\n4660 mont\u00e9e st-hubert<br \/>\nQu\u00e9bec, J3Y 1V1<br \/>\nCanada<br \/>\ncourriel : <a href=\"mailto:confidentialite@miromedia.ca\">confidentialite@miromedia.ca<\/a>.<\/p>\n<p>Nous r\u00e9pondrons \u00e0 vos pr\u00e9occupations conform\u00e9ment \u00e0 la loi applicable.<\/li>\n<\/ol>\n","protected":false},"excerpt":{"rendered":"<p>Derni\u00e8re mise \u00e0 jour le 27\u00a0septembre\u00a02023 Date d&rsquo;entr\u00e9e en vigueur\u00a027\u00a0septembre\u00a02023 Cette politique de confidentialit\u00e9 d\u00e9crit les politiques de Breton Communications (4660 mont\u00e9e st-hubert, Qu\u00e9bec, J3Y 1V1, Canada, courriel : confidentialite@miromedia.ca, t\u00e9l\u00e9phone : 450 676-5454) sur la collection, utilisation et divulgation de vos informations que nous collectons lorsque vous utilisez notre site Web ( https:\/\/bretoncommunications.com ) (le \u00ab\u00a0service\u00a0\u00bb). En acc\u00e9dant ou &#8230; <\/p>\n<div><a href=\"https:\/\/bretoncommunications.com\/fr\/politique-de-confidentialite\/\" class=\"more-link\">Read More<\/a><\/div>\n","protected":false},"author":9,"featured_media":0,"parent":0,"menu_order":0,"comment_status":"closed","ping_status":"closed","template":"","meta":{"footnotes":""},"class_list":["post-11362","page","type-page","status-publish","hentry","no-post-thumbnail"],"_links":{"self":[{"href":"https:\/\/bretoncommunications.com\/fr\/wp-json\/wp\/v2\/pages\/11362","targetHints":{"allow":["GET"]}}],"collection":[{"href":"https:\/\/bretoncommunications.com\/fr\/wp-json\/wp\/v2\/pages"}],"about":[{"href":"https:\/\/bretoncommunications.com\/fr\/wp-json\/wp\/v2\/types\/page"}],"author":[{"embeddable":true,"href":"https:\/\/bretoncommunications.com\/fr\/wp-json\/wp\/v2\/users\/9"}],"replies":[{"embeddable":true,"href":"https:\/\/bretoncommunications.com\/fr\/wp-json\/wp\/v2\/comments?post=11362"}],"version-history":[{"count":1,"href":"https:\/\/bretoncommunications.com\/fr\/wp-json\/wp\/v2\/pages\/11362\/revisions"}],"predecessor-version":[{"id":11376,"href":"https:\/\/bretoncommunications.com\/fr\/wp-json\/wp\/v2\/pages\/11362\/revisions\/11376"}],"wp:attachment":[{"href":"https:\/\/bretoncommunications.com\/fr\/wp-json\/wp\/v2\/media?parent=11362"}],"curies":[{"name":"wp","href":"https:\/\/api.w.org\/{rel}","templated":true}]}}